{"id":77,"date":"2021-11-23T19:20:53","date_gmt":"2021-11-23T18:20:53","guid":{"rendered":"http:\/\/alefbat.fr\/?page_id=77"},"modified":"2024-09-06T11:48:42","modified_gmt":"2024-09-06T09:48:42","slug":"nos-prestations","status":"publish","type":"page","link":"https:\/\/www.alefbat.fr\/?page_id=77","title":{"rendered":"Nos prestations"},"content":{"rendered":"\n<blockquote class=\"wp-block-quote is-layout-flow wp-block-quote-is-layout-flow\">\n<h2 class=\"wp-block-heading\">Peinture, parquet, carrelage, faites confiance \u00e0 notre \u00e9quipe <\/h2>\n<\/blockquote>\n\n\n\n<p>Depuis de nombreuse ann\u00e9e, beaucoup de clients nous ont fait confiance.<\/p>\n\n\n\n<p>Comme eux, confiez nos vos projets afin qu&rsquo;ils deviennent une r\u00e9alit\u00e9.<\/p>\n\n\n\n<p>Nos devis sont gratuits, n&rsquo;h\u00e9sitez pas \u00e0 nous contacter.<\/p>\n\n\n\n<p><strong>Nos Prestations<\/strong><\/p>\n\n\n\n<p>Chez <strong>ALEF BAT<\/strong>, nous offrons une gamme compl\u00e8te de services de r\u00e9novation pour transformer vos espaces de vie selon vos envies et vos besoins. Que ce soit pour une r\u00e9novation partielle ou compl\u00e8te, notre expertise nous permet de vous garantir des prestations de qualit\u00e9, alliant esth\u00e9tique, durabilit\u00e9 et soin du d\u00e9tail.<\/p>\n\n\n\n<p><strong>Carrelage : Un rev\u00eatement \u00e9l\u00e9gant et r\u00e9sistant<\/strong><\/p>\n\n\n\n<p>Nous r\u00e9alisons la pose de carrelage dans toutes les pi\u00e8ces de votre maison ou appartement. Que ce soit pour des sols, des murs, ou m\u00eame des espaces ext\u00e9rieurs, nous vous conseillons sur les meilleures solutions adapt\u00e9es \u00e0 vos pr\u00e9f\u00e9rences et \u00e0 l\u2019utilisation de chaque pi\u00e8ce. Nos prestations incluent :<\/p>\n\n\n\n<ul class=\"wp-block-list\">\n<li>Pose de carrelage en int\u00e9rieur et ext\u00e9rieur<\/li>\n\n\n\n<li>Rev\u00eatements muraux et sols (salles de bains, cuisines, terrasses, etc.)<\/li>\n\n\n\n<li>Conseils personnalis\u00e9s pour le choix des mat\u00e9riaux<\/li>\n<\/ul>\n\n\n\n<p><strong>Parquet : Un sol chaleureux et intemporel<\/strong><\/p>\n\n\n\n<p>Le parquet est un choix incontournable pour apporter une touche chaleureuse et \u00e9l\u00e9gante \u00e0 votre int\u00e9rieur. Nous vous proposons un service complet de pose et r\u00e9novation de parquet, en fonction de vos besoins et de vos go\u00fbts. Nos prestations incluent :<\/p>\n\n\n\n<ul class=\"wp-block-list\">\n<li>Pose de parquet massif, contrecoll\u00e9 et stratifi\u00e9<\/li>\n\n\n\n<li>R\u00e9novation et pon\u00e7age de parquet existant<\/li>\n\n\n\n<li>Installation de plinthes et finitions soign\u00e9es<\/li>\n<\/ul>\n\n\n\n<p><strong>Peinture : Donnez du caract\u00e8re \u00e0 vos murs<\/strong><\/p>\n\n\n\n<p>Une bonne peinture peut compl\u00e8tement transformer une pi\u00e8ce. Nos peintres professionnels assurent des finitions soign\u00e9es pour tous vos projets, qu&rsquo;il s&rsquo;agisse de rafra\u00eechir vos murs ou de cr\u00e9er une nouvelle ambiance chez vous. Nos prestations incluent :<\/p>\n\n\n\n<ul class=\"wp-block-list\">\n<li>Peinture int\u00e9rieure et ext\u00e9rieure<\/li>\n\n\n\n<li>Choix des couleurs et finitions sur mesure<\/li>\n\n\n\n<li>Application de peintures sp\u00e9ciales (antihumidit\u00e9, anti-moisissure, etc.)<\/li>\n<\/ul>\n\n\n\n<p><strong>R\u00e9novation Compl\u00e8te : Transformez vos espaces<\/strong><\/p>\n\n\n\n<p>Vous envisagez une r\u00e9novation compl\u00e8te de votre appartement ou maison ? ALEF BAT est votre partenaire de confiance pour prendre en charge votre projet du d\u00e9but \u00e0 la fin. Nous g\u00e9rons toutes les \u00e9tapes des travaux pour vous offrir un r\u00e9sultat qui correspond pleinement \u00e0 vos attentes. Nos prestations incluent :<\/p>\n\n\n\n<ul class=\"wp-block-list\">\n<li>Coordination des diff\u00e9rents corps de m\u00e9tier (plombiers, \u00e9lectriciens, etc.)<\/li>\n\n\n\n<li>Gestion du projet de A \u00e0 Z<\/li>\n\n\n\n<li>Respect des d\u00e9lais et du budget<\/li>\n<\/ul>\n\n\n\n<p><strong>Pourquoi choisir ALEF BAT ?<\/strong><\/p>\n\n\n\n<ul class=\"wp-block-list\">\n<li><strong>Un service personnalis\u00e9 :<\/strong> Chaque projet est unique, c\u2019est pourquoi nous adaptons nos prestations \u00e0 vos besoins sp\u00e9cifiques.<\/li>\n\n\n\n<li><strong>Des mat\u00e9riaux de qualit\u00e9 :<\/strong> Nous s\u00e9lectionnons les meilleurs produits et mat\u00e9riaux pour garantir des r\u00e9sultats durables et esth\u00e9tiques.<\/li>\n\n\n\n<li><strong>Un suivi rigoureux :<\/strong> Nous assurons un suivi continu de votre chantier pour s&rsquo;assurer que tout se d\u00e9roule dans les meilleures conditions.<\/li>\n<\/ul>\n\n\n\n<p>Contactez-nous d\u00e8s aujourd&rsquo;hui pour discuter de votre projet et obtenir un devis gratuit. Ensemble, nous donnerons vie \u00e0 vos id\u00e9es et redonnerons tout leur \u00e9clat \u00e0 vos espaces de vie !<\/p>\n","protected":false},"excerpt":{"rendered":"<p>Peinture, parquet, carrelage, faites confiance \u00e0 notre \u00e9quipe Depuis de nombreuse ann\u00e9e, beaucoup de clients nous ont fait confiance. Comme eux, confiez nos vos projets afin qu&rsquo;ils deviennent une r\u00e9alit\u00e9. Nos devis sont gratuits, n&rsquo;h\u00e9sitez pas \u00e0 nous contacter. Nos Prestations Chez ALEF BAT, nous offrons une gamme compl\u00e8te de services de r\u00e9novation pour transformer [&hellip;]<\/p>\n","protected":false},"author":1,"featured_media":0,"parent":0,"menu_order":0,"comment_status":"closed","ping_status":"closed","template":"","meta":{"footnotes":""},"class_list":["post-77","page","type-page","status-publish","hentry"],"_links":{"self":[{"href":"https:\/\/www.alefbat.fr\/index.php?rest_route=\/wp\/v2\/pages\/77","targetHints":{"allow":["GET"]}}],"collection":[{"href":"https:\/\/www.alefbat.fr\/index.php?rest_route=\/wp\/v2\/pages"}],"about":[{"href":"https:\/\/www.alefbat.fr\/index.php?rest_route=\/wp\/v2\/types\/page"}],"author":[{"embeddable":true,"href":"https:\/\/www.alefbat.fr\/index.php?rest_route=\/wp\/v2\/users\/1"}],"replies":[{"embeddable":true,"href":"https:\/\/www.alefbat.fr\/index.php?rest_route=%2Fwp%2Fv2%2Fcomments&post=77"}],"version-history":[{"count":4,"href":"https:\/\/www.alefbat.fr\/index.php?rest_route=\/wp\/v2\/pages\/77\/revisions"}],"predecessor-version":[{"id":188,"href":"https:\/\/www.alefbat.fr\/index.php?rest_route=\/wp\/v2\/pages\/77\/revisions\/188"}],"wp:attachment":[{"href":"https:\/\/www.alefbat.fr\/index.php?rest_route=%2Fwp%2Fv2%2Fmedia&parent=77"}],"curies":[{"name":"wp","href":"https:\/\/api.w.org\/{rel}","templated":true}]}}