{"id":7,"date":"2021-11-19T13:59:09","date_gmt":"2021-11-19T12:59:09","guid":{"rendered":"http:\/\/alefbat.fr\/?page_id=7"},"modified":"2024-09-10T11:53:23","modified_gmt":"2024-09-10T09:53:23","slug":"a-propos-de","status":"publish","type":"page","link":"https:\/\/www.alefbat.fr\/?page_id=7","title":{"rendered":"\u00c0 propos d&rsquo;ALEF Bat"},"content":{"rendered":"\n<p>La satisfaction du travail bien fait est notre priorit\u00e9.<\/p>\n\n\n\n<p>Depuis 2016 nous somme l\u00e0 afin de vous servir, \u00e9couter, conseiller pour que vos projets deviennent une <mark style=\"background-color:rgba(0, 0, 0, 0);color:#cb16a1\" class=\"has-inline-color\">r\u00e9alit\u00e9<\/mark>.<\/p>\n\n\n\n<figure class=\"wp-block-pullquote\"><blockquote><p>C&rsquo;est dans ces moments difficiles que j&rsquo;ai besoin d&rsquo;une entreprise sur qui compter<\/p><\/blockquote><\/figure>\n\n\n\n<p>Les petits sinistres du quotidien sont les al\u00e9as d&rsquo;une habitation. Nous vous accompagnons tout au long de vos travaux de remise en \u00e9tat afin que cela ne soit qu&rsquo;un mauvais souvenir.<\/p>\n\n\n\n<figure class=\"wp-block-gallery has-nested-images columns-default is-cropped wp-block-gallery-1 is-layout-flex wp-block-gallery-is-layout-flex\">\n<figure class=\"wp-block-image size-large\"><img loading=\"lazy\" decoding=\"async\" width=\"768\" height=\"1024\" data-id=\"165\" src=\"https:\/\/www.alefbat.fr\/wp-content\/uploads\/2024\/05\/IMG_3423-768x1024.jpeg\" alt=\"\" class=\"wp-image-165\" srcset=\"https:\/\/www.alefbat.fr\/wp-content\/uploads\/2024\/05\/IMG_3423-768x1024.jpeg 768w, https:\/\/www.alefbat.fr\/wp-content\/uploads\/2024\/05\/IMG_3423-225x300.jpeg 225w, https:\/\/www.alefbat.fr\/wp-content\/uploads\/2024\/05\/IMG_3423-1152x1536.jpeg 1152w, https:\/\/www.alefbat.fr\/wp-content\/uploads\/2024\/05\/IMG_3423-1536x2048.jpeg 1536w, https:\/\/www.alefbat.fr\/wp-content\/uploads\/2024\/05\/IMG_3423-1200x1600.jpeg 1200w, https:\/\/www.alefbat.fr\/wp-content\/uploads\/2024\/05\/IMG_3423-1980x2640.jpeg 1980w, https:\/\/www.alefbat.fr\/wp-content\/uploads\/2024\/05\/IMG_3423-scaled.jpeg 1920w\" sizes=\"auto, (max-width: 768px) 100vw, 768px\" \/><\/figure>\n<\/figure>\n\n\n\n<p><strong>Notre Savoir-Faire<\/strong><\/p>\n\n\n\n<p>Chez <strong>ALEF BAT<\/strong>, nous mettons \u00e0 votre service notre passion pour la r\u00e9novation et notre expertise dans les m\u00e9tiers du b\u00e2timent. Forts d&rsquo;une exp\u00e9rience solide dans le carrelage, le parquet et la peinture, nous avons pour ambition de cr\u00e9er des espaces de vie qui vous ressemblent, tout en garantissant un haut niveau de qualit\u00e9.<\/p>\n\n\n\n<p><strong>Carrelage : Pr\u00e9cision et Esth\u00e9tisme<\/strong><\/p>\n\n\n\n<p>La pose de carrelage n\u00e9cessite une expertise pr\u00e9cise, tant au niveau du choix des mat\u00e9riaux que dans l\u2019ex\u00e9cution des travaux. Chez ALEF BAT, nous utilisons des techniques de pose modernes et traditionnelles pour r\u00e9pondre \u00e0 toutes vos exigences, que ce soit pour des salles de bains, cuisines ou pi\u00e8ces de vie. Nous vous guidons \u00e9galement dans le choix des carreaux les plus adapt\u00e9s \u00e0 votre style et \u00e0 l\u2019usage pr\u00e9vu.<\/p>\n\n\n\n<p><strong>Parquet : \u00c9l\u00e9gance et Durabilit\u00e9<\/strong><\/p>\n\n\n\n<p>Un beau parquet peut transformer une pi\u00e8ce. Que vous optiez pour du parquet massif, contrecoll\u00e9 ou stratifi\u00e9, notre \u00e9quipe ma\u00eetrise l&rsquo;art de la pose pour un rendu esth\u00e9tique et durable. Nous vous accompagnons dans le choix des mat\u00e9riaux, des motifs et des finitions, afin que votre sol devienne un \u00e9l\u00e9ment cl\u00e9 de votre d\u00e9coration int\u00e9rieure.<\/p>\n\n\n\n<p><strong>Peinture : Harmonie et Finitions Parfaites<\/strong><\/p>\n\n\n\n<p>La peinture est une \u00e9tape cruciale pour finaliser un projet de r\u00e9novation. Notre \u00e9quipe de peintres qualifi\u00e9s vous propose des solutions sur mesure, qu\u2019il s\u2019agisse de rafra\u00eechir un mur ou de redonner vie \u00e0 un int\u00e9rieur complet. Nous utilisons des produits de haute qualit\u00e9 et pr\u00eatons une attention particuli\u00e8re aux d\u00e9tails pour garantir une finition impeccable.<\/p>\n\n\n\n<p><strong>Une Approche Personnalis\u00e9e<\/strong><\/p>\n\n\n\n<p>Chez ALEF BAT, chaque projet est unique. Nous \u00e9coutons attentivement vos besoins et vous proposons des solutions adapt\u00e9es, respectant vos envies, votre budget et les contraintes techniques. Notre mission est de vous offrir un service complet et de vous accompagner \u00e0 chaque \u00e9tape, du premier contact \u00e0 la livraison finale du chantier.<\/p>\n\n\n\n<p><strong>Nos Valeurs :<\/strong><\/p>\n\n\n\n<ul class=\"wp-block-list\">\n<li><strong>Fiabilit\u00e9 :<\/strong> Respect des d\u00e9lais et des engagements pris.<\/li>\n\n\n\n<li><strong>Innovation :<\/strong> Utilisation de techniques modernes et de mat\u00e9riaux innovants pour des r\u00e9sultats durables.<\/li>\n\n\n\n<li><strong>Transparence :<\/strong> Des devis clairs, sans surprise, et un suivi rigoureux de votre projet.<\/li>\n\n\n\n<li><strong>Satisfaction client :<\/strong> Votre satisfaction est notre priorit\u00e9. Nous mettons un point d\u2019honneur \u00e0 cr\u00e9er des relations de confiance avec chacun de nos clients.<\/li>\n<\/ul>\n\n\n\n<p><strong>ALEF BAT<\/strong>, c\u2019est la garantie d\u2019un travail soign\u00e9, r\u00e9alis\u00e9 par des professionnels passionn\u00e9s, et d\u2019un accompagnement sur mesure pour des projets de r\u00e9novation qui allient esth\u00e9tique et fonctionnalit\u00e9.<\/p>\n\n\n\n<p><\/p>\n\n\n\n<p><\/p>\n","protected":false},"excerpt":{"rendered":"<p>La satisfaction du travail bien fait est notre priorit\u00e9. Depuis 2016 nous somme l\u00e0 afin de vous servir, \u00e9couter, conseiller pour que vos projets deviennent une r\u00e9alit\u00e9. C&rsquo;est dans ces moments difficiles que j&rsquo;ai besoin d&rsquo;une entreprise sur qui compter Les petits sinistres du quotidien sont les al\u00e9as d&rsquo;une habitation. Nous vous accompagnons tout au [&hellip;]<\/p>\n","protected":false},"author":1,"featured_media":0,"parent":0,"menu_order":0,"comment_status":"closed","ping_status":"closed","template":"","meta":{"footnotes":""},"class_list":["post-7","page","type-page","status-publish","hentry"],"_links":{"self":[{"href":"https:\/\/www.alefbat.fr\/index.php?rest_route=\/wp\/v2\/pages\/7","targetHints":{"allow":["GET"]}}],"collection":[{"href":"https:\/\/www.alefbat.fr\/index.php?rest_route=\/wp\/v2\/pages"}],"about":[{"href":"https:\/\/www.alefbat.fr\/index.php?rest_route=\/wp\/v2\/types\/page"}],"author":[{"embeddable":true,"href":"https:\/\/www.alefbat.fr\/index.php?rest_route=\/wp\/v2\/users\/1"}],"replies":[{"embeddable":true,"href":"https:\/\/www.alefbat.fr\/index.php?rest_route=%2Fwp%2Fv2%2Fcomments&post=7"}],"version-history":[{"count":7,"href":"https:\/\/www.alefbat.fr\/index.php?rest_route=\/wp\/v2\/pages\/7\/revisions"}],"predecessor-version":[{"id":221,"href":"https:\/\/www.alefbat.fr\/index.php?rest_route=\/wp\/v2\/pages\/7\/revisions\/221"}],"wp:attachment":[{"href":"https:\/\/www.alefbat.fr\/index.php?rest_route=%2Fwp%2Fv2%2Fmedia&parent=7"}],"curies":[{"name":"wp","href":"https:\/\/api.w.org\/{rel}","templated":true}]}}