{"id":6,"date":"2018-11-19T13:59:00","date_gmt":"2018-11-19T12:59:00","guid":{"rendered":"http:\/\/alefbat.fr\/?page_id=6"},"modified":"2025-10-05T16:53:54","modified_gmt":"2025-10-05T14:53:54","slug":"le-nouveau-e-mucem-ouvre-ses-portes-2","status":"publish","type":"page","link":"https:\/\/www.alefbat.fr\/","title":{"rendered":"ALEF BAT  Entreprise de b\u00e2timent et de r\u00e9novation"},"content":{"rendered":"\n<div class=\"wp-block-group alignwide\"><div class=\"wp-block-group__inner-container is-layout-flow wp-block-group-is-layout-flow\">\n<h2 class=\"wp-block-heading has-text-align-center\" id=\"sol-mur-plafond-confiez-nous-votre-habitat\"><mark style=\"background-color:rgba(0, 0, 0, 0)\" class=\"has-inline-color has-accent-color\">Sol, mur, plafond, confiez nous votre habitat<\/mark><\/h2>\n<\/div><\/div>\n\n\n\n<div class=\"wp-block-columns alignwide is-layout-flex wp-container-core-columns-is-layout-9d6595d7 wp-block-columns-is-layout-flex\">\n<div class=\"wp-block-column is-layout-flow wp-block-column-is-layout-flow\">\n<div class=\"wp-block-group\"><div class=\"wp-block-group__inner-container is-layout-flow wp-block-group-is-layout-flow\">\n<figure class=\"wp-block-gallery alignfull has-nested-images columns-default is-cropped wp-block-gallery-1 is-layout-flex wp-block-gallery-is-layout-flex\">\n<figure class=\"wp-block-image size-large\"><img loading=\"lazy\" decoding=\"async\" width=\"1368\" height=\"855\" data-id=\"153\" src=\"http:\/\/www.alefbat.fr\/wp-content\/uploads\/2022\/11\/f77abac2-ec14-4160-beef-b4781bed1117-edited.jpg\" alt=\"\" class=\"wp-image-153\" srcset=\"https:\/\/www.alefbat.fr\/wp-content\/uploads\/2022\/11\/f77abac2-ec14-4160-beef-b4781bed1117-edited.jpg 1368w, https:\/\/www.alefbat.fr\/wp-content\/uploads\/2022\/11\/f77abac2-ec14-4160-beef-b4781bed1117-edited-300x188.jpg 300w, https:\/\/www.alefbat.fr\/wp-content\/uploads\/2022\/11\/f77abac2-ec14-4160-beef-b4781bed1117-edited-1024x640.jpg 1024w, https:\/\/www.alefbat.fr\/wp-content\/uploads\/2022\/11\/f77abac2-ec14-4160-beef-b4781bed1117-edited-768x480.jpg 768w, https:\/\/www.alefbat.fr\/wp-content\/uploads\/2022\/11\/f77abac2-ec14-4160-beef-b4781bed1117-edited-1200x750.jpg 1200w\" sizes=\"auto, (max-width: 1368px) 100vw, 1368px\" \/><figcaption class=\"wp-element-caption\">Disponible pour tous vos travaux de peinture<\/figcaption><\/figure>\n<\/figure>\n\n\n\n<h3 class=\"wp-block-heading\" id=\"travaux-de-peinture\">Travaux de peinture<\/h3>\n\n\n\n<p>Plusieurs ann\u00e9es d&rsquo;exp\u00e9rience<\/p>\n\n\n\n<div class=\"wp-block-button is-style-outline is-style-outline--2\"><a class=\"wp-block-button__link wp-element-button\" href=\"http:\/\/alefbat.fr\/?page_id=9\">Lire la suite<\/a><\/div>\n<\/div><\/div>\n\n\n\n<div class=\"wp-block-group\"><div class=\"wp-block-group__inner-container is-layout-flow wp-block-group-is-layout-flow\">\n<figure class=\"wp-block-image alignfull size-large\"><img loading=\"lazy\" decoding=\"async\" width=\"1845\" height=\"1038\" src=\"http:\/\/www.alefbat.fr\/wp-content\/uploads\/2022\/11\/cloisons-alef-edited.jpg\" alt=\"\" class=\"wp-image-155\" srcset=\"https:\/\/www.alefbat.fr\/wp-content\/uploads\/2022\/11\/cloisons-alef-edited.jpg 1845w, https:\/\/www.alefbat.fr\/wp-content\/uploads\/2022\/11\/cloisons-alef-edited-300x169.jpg 300w, https:\/\/www.alefbat.fr\/wp-content\/uploads\/2022\/11\/cloisons-alef-edited-1024x576.jpg 1024w, https:\/\/www.alefbat.fr\/wp-content\/uploads\/2022\/11\/cloisons-alef-edited-768x432.jpg 768w, https:\/\/www.alefbat.fr\/wp-content\/uploads\/2022\/11\/cloisons-alef-edited-1536x864.jpg 1536w, https:\/\/www.alefbat.fr\/wp-content\/uploads\/2022\/11\/cloisons-alef-edited-1200x675.jpg 1200w\" sizes=\"auto, (max-width: 1845px) 100vw, 1845px\" \/><\/figure>\n\n\n\n<h3 class=\"wp-block-heading\" id=\"pose-de-cloisons\">Pose de cloisons<\/h3>\n\n\n\n<p>N&rsquo;h\u00e9sitez pas \u00e0 nous contacter<\/p>\n\n\n\n<div class=\"wp-block-button is-style-outline is-style-outline--3\"><a class=\"wp-block-button__link wp-element-button\" href=\"http:\/\/alefbat.fr\/?page_id=9\">Lire la suite<\/a><\/div>\n<\/div><\/div>\n<\/div>\n\n\n\n<div class=\"wp-block-column is-layout-flow wp-block-column-is-layout-flow\">\n<div class=\"wp-block-group\"><div class=\"wp-block-group__inner-container is-layout-flow wp-block-group-is-layout-flow\">\n<figure class=\"wp-block-image alignfull size-large\"><img loading=\"lazy\" decoding=\"async\" width=\"724\" height=\"453\" src=\"http:\/\/www.alefbat.fr\/wp-content\/uploads\/2022\/11\/carrelage-alef-edited.jpg\" alt=\"\" class=\"wp-image-154\" srcset=\"https:\/\/www.alefbat.fr\/wp-content\/uploads\/2022\/11\/carrelage-alef-edited.jpg 724w, https:\/\/www.alefbat.fr\/wp-content\/uploads\/2022\/11\/carrelage-alef-edited-300x188.jpg 300w\" sizes=\"auto, (max-width: 724px) 100vw, 724px\" \/><\/figure>\n\n\n\n<h3 class=\"wp-block-heading\" id=\"le-carrelage-notre-specialite\">Le carrelage notre sp\u00e9cialit\u00e9<\/h3>\n\n\n\n<p>Disponible afin de vous conseiller<\/p>\n\n\n\n<div class=\"wp-block-button is-style-outline is-style-outline--4\"><a class=\"wp-block-button__link wp-element-button\" href=\"http:\/\/alefbat.fr\/?page_id=9\">Lire la suite<\/a><\/div>\n<\/div><\/div>\n\n\n\n<div class=\"wp-block-group\"><div class=\"wp-block-group__inner-container is-layout-flow wp-block-group-is-layout-flow\">\n<figure class=\"wp-block-image alignfull size-large\"><img loading=\"lazy\" decoding=\"async\" width=\"550\" height=\"309\" src=\"http:\/\/www.alefbat.fr\/wp-content\/uploads\/2022\/11\/deco-alef-edited.jpg\" alt=\"\" class=\"wp-image-156\" srcset=\"https:\/\/www.alefbat.fr\/wp-content\/uploads\/2022\/11\/deco-alef-edited.jpg 550w, https:\/\/www.alefbat.fr\/wp-content\/uploads\/2022\/11\/deco-alef-edited-300x169.jpg 300w\" sizes=\"auto, (max-width: 550px) 100vw, 550px\" \/><\/figure>\n\n\n\n<h3 class=\"wp-block-heading\" id=\"personnaliser-votre-interieur-avec-nos-idees-deco\">Personnalisation<\/h3>\n\n\n\n<p>Chaque projet est unique<\/p>\n\n\n\n<div class=\"wp-block-button is-style-outline is-style-outline--5\"><a class=\"wp-block-button__link wp-element-button\" href=\"http:\/\/alefbat.fr\/?page_id=9\">Lire la suite<\/a><\/div>\n<\/div><\/div>\n<\/div>\n<\/div>\n\n\n\n<figure class=\"wp-block-gallery alignfull has-nested-images columns-default is-cropped wp-block-gallery-6 is-layout-flex wp-block-gallery-is-layout-flex\">\n<figure class=\"wp-block-image size-large\"><img loading=\"lazy\" decoding=\"async\" width=\"550\" height=\"385\" data-id=\"92\" src=\"http:\/\/alefbat.fr\/wp-content\/uploads\/2021\/11\/deco-alef-1.jpg\" alt=\"\" class=\"wp-image-92\" srcset=\"https:\/\/www.alefbat.fr\/wp-content\/uploads\/2021\/11\/deco-alef-1.jpg 550w, https:\/\/www.alefbat.fr\/wp-content\/uploads\/2021\/11\/deco-alef-1-300x210.jpg 300w\" sizes=\"auto, (max-width: 550px) 100vw, 550px\" \/><\/figure>\n<\/figure>\n\n\n\n<div class=\"wp-block-group alignwide\"><div class=\"wp-block-group__inner-container is-layout-flow wp-block-group-is-layout-flow\">\n<h2 class=\"wp-block-heading has-text-align-center has-accent-color has-text-color\" id=\"salle-d-eau-sanitaire-boutique-centre-medical-immeuble\">\u00ab&nbsp;Salle d&rsquo;eau, sanitaire, boutique, centre m\u00e9dical, immeuble&nbsp;\u00bb<\/h2>\n<\/div><\/div>\n\n\n\n<p class=\"has-drop-cap\">Entreprise g\u00e9n\u00e9ral du b\u00e2timent et de r\u00e9novation , Alef Bat Cr\u00e9teil r\u00e9pond \u00e0 vos besoins avec l&rsquo;envie de toujours plus vous satisfaire.<\/p>\n\n\n\n<figure class=\"wp-block-gallery has-nested-images columns-default is-cropped wp-block-gallery-7 is-layout-flex wp-block-gallery-is-layout-flex\">\n<figure class=\"wp-block-image size-large\"><img loading=\"lazy\" decoding=\"async\" width=\"626\" height=\"352\" data-id=\"33\" src=\"http:\/\/www.alefbat.fr\/wp-content\/uploads\/2021\/11\/fond-alef.jpg\" alt=\"\" class=\"wp-image-33\" srcset=\"https:\/\/www.alefbat.fr\/wp-content\/uploads\/2021\/11\/fond-alef.jpg 626w, https:\/\/www.alefbat.fr\/wp-content\/uploads\/2021\/11\/fond-alef-300x169.jpg 300w\" sizes=\"auto, (max-width: 626px) 100vw, 626px\" \/><\/figure>\n<\/figure>\n\n\n\n<p>Une \u00e9quipe dynamique et d\u00e9vou\u00e9e \u00e0 votre \u00e9coute sur l&rsquo;ensemble de l&rsquo;Ile-De-France afin de vous servir et de r\u00e9aliser dans les temps un chantier de qualit\u00e9.<\/p>\n\n\n\n<h2 class=\"wp-block-heading\">Un amour du travail bien fait<\/h2>\n\n\n\n<p>Un chantier est souvent synonyme de projets qui comptent pour nos clients. C&rsquo;est pourquoi nous vous accompagnons en amont, pendant le chantier et jusqu&rsquo;\u00e0 la r\u00e9ception, car un client fid\u00e8le est toujours le fruit d&rsquo;un chantier r\u00e9ussi .<\/p>\n\n\n\n<div class=\"wp-block-group alignwide has-background\" style=\"background-color:#ffffff\"><div class=\"wp-block-group__inner-container is-layout-flow wp-block-group-is-layout-flow\">\n<div class=\"wp-block-group\"><div class=\"wp-block-group__inner-container is-layout-flow wp-block-group-is-layout-flow\">\n<h2 class=\"wp-block-heading has-text-align-center\" id=\"un-esprit-de-modernite\">Un esprit de modernit\u00e9&nbsp;!<\/h2>\n\n\n\n<p class=\"has-text-align-center\">Le bilan est simple, une pi\u00e8ce personnalis\u00e9e donne du cach\u00e9 \u00e0 votre int\u00e9rieur.<\/p>\n\n\n\n<div class=\"wp-block-button aligncenter\"><a class=\"wp-block-button__link wp-element-button\" href=\"http:\/\/alefbat.fr\/?page_id=8\">Contactez-nous pour un devis gratuit<\/a><\/div>\n<\/div><\/div>\n<\/div><\/div>\n\n\n\n<figure class=\"wp-block-gallery alignwide has-nested-images columns-default is-cropped wp-block-gallery-8 is-layout-flex wp-block-gallery-is-layout-flex\">\n<figure class=\"wp-block-image size-large\"><img loading=\"lazy\" decoding=\"async\" width=\"1024\" height=\"715\" data-id=\"50\" src=\"http:\/\/alefbat.fr\/wp-content\/uploads\/2021\/11\/degat-assurance-alef-1024x715.jpg\" alt=\"\" class=\"wp-image-50\" srcset=\"https:\/\/www.alefbat.fr\/wp-content\/uploads\/2021\/11\/degat-assurance-alef-1024x715.jpg 1024w, https:\/\/www.alefbat.fr\/wp-content\/uploads\/2021\/11\/degat-assurance-alef-300x209.jpg 300w, https:\/\/www.alefbat.fr\/wp-content\/uploads\/2021\/11\/degat-assurance-alef-768x536.jpg 768w, https:\/\/www.alefbat.fr\/wp-content\/uploads\/2021\/11\/degat-assurance-alef-1200x838.jpg 1200w, https:\/\/www.alefbat.fr\/wp-content\/uploads\/2021\/11\/degat-assurance-alef.jpg 1361w\" sizes=\"auto, (max-width: 1024px) 100vw, 1024px\" \/><\/figure>\n\n\n\n<figure class=\"wp-block-image size-large\"><img loading=\"lazy\" decoding=\"async\" width=\"600\" height=\"316\" data-id=\"51\" src=\"http:\/\/alefbat.fr\/wp-content\/uploads\/2021\/11\/fuites-alef-bat.jpg\" alt=\"\" class=\"wp-image-51\" srcset=\"https:\/\/www.alefbat.fr\/wp-content\/uploads\/2021\/11\/fuites-alef-bat.jpg 600w, https:\/\/www.alefbat.fr\/wp-content\/uploads\/2021\/11\/fuites-alef-bat-300x158.jpg 300w\" sizes=\"auto, (max-width: 600px) 100vw, 600px\" \/><\/figure>\n<\/figure>\n\n\n\n<p>Peinture, parquet, carrelage, Alef B\u00e2timent est \u00e0 votre service <\/p>\n\n\n\n<p>Exp\u00e9rience et savoir faire sont nos maitres-mots<\/p>\n\n\n\n<p>Donner vie \u00e0 vos projets<\/p>\n\n\n\n<p><strong>Bienvenue chez ALEF BAT<\/strong> CRETEIL<\/p>\n\n\n\n<p>Chez ALEF BAT, nous sommes sp\u00e9cialis\u00e9s dans la r\u00e9novation d&rsquo;appartements et de maisons. Avec une expertise reconnue dans le domaine du carrelage, du parquet et de la peinture, nous nous engageons \u00e0 transformer vos espaces de vie avec professionnalisme et souci du d\u00e9tail.<\/p>\n\n\n\n<p><strong>Nos Services :<\/strong><\/p>\n\n\n\n<ul class=\"wp-block-list\">\n<li><strong>Carrelage :<\/strong> Nous vous proposons des solutions \u00e9l\u00e9gantes et durables pour rev\u00eatir vos sols et murs. Que vous pr\u00e9f\u00e9riez des carreaux modernes ou classiques, notre \u00e9quipe saura r\u00e9pondre \u00e0 vos attentes.<\/li>\n\n\n\n<li><strong>Parquet :<\/strong> Redonnez du charme \u00e0 vos pi\u00e8ces avec un parquet de qualit\u00e9. Nous offrons une large gamme de finitions et d\u2019essences de bois pour s\u2019adapter \u00e0 tous les styles d&rsquo;int\u00e9rieur.<\/li>\n\n\n\n<li><strong>Peinture :<\/strong> Embellissez vos espaces avec une finition impeccable. Nos peintres qualifi\u00e9s utilisent des produits de haute qualit\u00e9 pour garantir une couverture parfaite et durable.<\/li>\n<\/ul>\n\n\n\n<p><strong>Pourquoi Choisir ALEF BAT ?<\/strong><\/p>\n\n\n\n<ul class=\"wp-block-list\">\n<li><strong>Expertise :<\/strong> Une \u00e9quipe de professionnels exp\u00e9riment\u00e9s et passionn\u00e9s par leur m\u00e9tier.<\/li>\n\n\n\n<li><strong>Qualit\u00e9 :<\/strong> Des mat\u00e9riaux de premier choix et des finitions soign\u00e9es pour des r\u00e9sultats \u00e0 la hauteur de vos attentes.<\/li>\n\n\n\n<li><strong>Personnalisation :<\/strong> Des solutions sur mesure adapt\u00e9es \u00e0 vos besoins et \u00e0 votre budget.<\/li>\n\n\n\n<li><strong>Service client :<\/strong> Un accompagnement personnalis\u00e9 tout au long de votre projet, de la conception \u00e0 la r\u00e9alisation.<\/li>\n<\/ul>\n\n\n\n<p>Nous desservons l&rsquo;ensemble de l&rsquo;Ile De France (75, 77, 78, 91, 92, 93, 94, 95) et nous sommes pr\u00eats \u00e0 relever tous les d\u00e9fis pour transformer votre espace. Contactez-nous d\u00e8s aujourd\u2019hui pour obtenir un devis gratuit et d\u00e9couvrir comment nous pouvons donner vie \u00e0 vos projets de r\u00e9novation.<\/p>\n\n\n\n<p><\/p>\n\n\n\n<p><\/p>\n\n\n\n<p><strong>ALEF BAT \u2013 Redonnez vie \u00e0 votre int\u00e9rieur avec \u00e9l\u00e9gance et expertise.<\/strong><\/p>\n\n\n\n<p><strong>\u2705&nbsp;<\/strong><\/p>\n\n\n\n<h2 class=\"wp-block-heading\"><strong>\u00c0 propos d\u2019ALEF BAT<\/strong><\/h2>\n\n\n\n<p><strong>Votre sp\u00e9cialiste de la r\u00e9novation int\u00e9rieure en \u00cele-de-France<\/strong><\/p>\n\n\n\n<p>Depuis 2016, <strong>ALEF BAT<\/strong> accompagne particuliers, assurances et syndics dans tous leurs projets de r\u00e9novation int\u00e9rieure avec une exigence constante de qualit\u00e9, de r\u00e9activit\u00e9 et de satisfaction client.<\/p>\n\n\n\n<p>Bas\u00e9e \u00e0 Cr\u00e9teil et Drancy, notre entreprise est sp\u00e9cialis\u00e9e dans les <strong>travaux de peinture, carrelage, parquet et pl\u00e2trerie<\/strong>, avec une expertise reconnue aussi bien dans la remise en \u00e9tat apr\u00e8s sinistre que dans la r\u00e9novation compl\u00e8te d\u2019appartements et de maisons.<\/p>\n\n\n\n<hr class=\"wp-block-separator has-alpha-channel-opacity\"\/>\n\n\n\n<h2 class=\"wp-block-heading\"><strong>\ud83d\udd28&nbsp;<\/strong><\/h2>\n\n\n\n<h2 class=\"wp-block-heading\"><strong>Nos engagements<\/strong><\/h2>\n\n\n\n<ul class=\"wp-block-list\">\n<li><strong>Qualit\u00e9 et finitions soign\u00e9es<\/strong> Chaque chantier est suivi avec rigueur pour garantir un r\u00e9sultat \u00e0 la hauteur de vos attentes.<\/li>\n\n\n\n<li><strong>D\u00e9lais respect\u00e9s<\/strong> Nous savons \u00e0 quel point le temps est pr\u00e9cieux : nos \u00e9quipes sont organis\u00e9es pour intervenir rapidement, sans compromis sur la qualit\u00e9.<\/li>\n\n\n\n<li><strong>\u00c9coute et conseil<\/strong> Un seul interlocuteur, une communication fluide, et des solutions adapt\u00e9es \u00e0 vos besoins.<\/li>\n\n\n\n<li><strong>Satisfaction client au c\u0153ur de nos priorit\u00e9s<\/strong> Nos retours clients (scorecards assurances, avis en ligne) t\u00e9moignent de notre s\u00e9rieux et de la confiance accord\u00e9e \u00e0 ALEF BAT.<\/li>\n<\/ul>\n\n\n\n<hr class=\"wp-block-separator has-alpha-channel-opacity\"\/>\n\n\n\n<h2 class=\"wp-block-heading\"><strong>\ud83d\udccd&nbsp;<\/strong><\/h2>\n\n\n\n<h2 class=\"wp-block-heading\"><strong>Zone d\u2019intervention<\/strong><\/h2>\n\n\n\n<p>Nous intervenons principalement en \u00cele-de-France, notamment dans les d\u00e9partements <strong>94, 93, 95, 77<\/strong>, ainsi que dans <strong>Paris  75 et sa petite couronne<\/strong>.<\/p>\n\n\n\n<p>Nous renfor\u00e7ons \u00e9galement notre pr\u00e9sence dans les <strong>d\u00e9partements 92 et 91<\/strong> pour r\u00e9pondre \u00e0 une demande croissante.<\/p>\n\n\n\n<hr class=\"wp-block-separator has-alpha-channel-opacity\"\/>\n\n\n\n<h2 class=\"wp-block-heading\"><strong>\ud83e\udd1d&nbsp;<\/strong><\/h2>\n\n\n\n<h2 class=\"wp-block-heading\"><strong>Vous \u00eates une compagnie d\u2019assurance ou un syndic ?<\/strong><\/h2>\n\n\n\n<p>Nous collaborons d\u00e9j\u00e0 avec plusieurs acteurs du secteur assurantiel pour la <strong>remise en \u00e9tat apr\u00e8s sinistre<\/strong>. ALEF BAT, c\u2019est une <strong>intervention rapide, une qualit\u00e9 ma\u00eetris\u00e9e<\/strong>, et des <strong>clients satisfaits<\/strong>.<\/p>\n\n\n\n<p><\/p>\n\n\n\n<hr class=\"wp-block-separator has-alpha-channel-opacity\"\/>\n\n\n\n<h2 class=\"wp-block-heading\"><strong>\ud83d\udcde&nbsp;<\/strong><\/h2>\n\n\n\n<h2 class=\"wp-block-heading\"><strong>Contactez-nous<\/strong><\/h2>\n\n\n\n<p>Pour toute demande de devis ou renseignement, appelez-nous au <strong>07.82.78.00.87<\/strong> ou envoyez-nous un message via notre formulaire de contact.<\/p>\n\n\n\n<p><strong>ALEF BAT \u2013 R\u00e9novation de confiance. R\u00e9sultat durable.<\/strong><\/p>\n\n\n\n<p><\/p>\n","protected":false},"excerpt":{"rendered":"<p>Sol, mur, plafond, confiez nous votre habitat Travaux de peinture Plusieurs ann\u00e9es d&rsquo;exp\u00e9rience Pose de cloisons N&rsquo;h\u00e9sitez pas \u00e0 nous contacter Le carrelage notre sp\u00e9cialit\u00e9 Disponible afin de vous conseiller Personnalisation Chaque projet est unique \u00ab&nbsp;Salle d&rsquo;eau, sanitaire, boutique, centre m\u00e9dical, immeuble&nbsp;\u00bb Entreprise g\u00e9n\u00e9ral du b\u00e2timent et de r\u00e9novation , Alef Bat Cr\u00e9teil r\u00e9pond \u00e0 [&hellip;]<\/p>\n","protected":false},"author":1,"featured_media":43,"parent":0,"menu_order":0,"comment_status":"closed","ping_status":"closed","template":"","meta":{"footnotes":""},"class_list":["post-6","page","type-page","status-publish","has-post-thumbnail","hentry"],"_links":{"self":[{"href":"https:\/\/www.alefbat.fr\/index.php?rest_route=\/wp\/v2\/pages\/6","targetHints":{"allow":["GET"]}}],"collection":[{"href":"https:\/\/www.alefbat.fr\/index.php?rest_route=\/wp\/v2\/pages"}],"about":[{"href":"https:\/\/www.alefbat.fr\/index.php?rest_route=\/wp\/v2\/types\/page"}],"author":[{"embeddable":true,"href":"https:\/\/www.alefbat.fr\/index.php?rest_route=\/wp\/v2\/users\/1"}],"replies":[{"embeddable":true,"href":"https:\/\/www.alefbat.fr\/index.php?rest_route=%2Fwp%2Fv2%2Fcomments&post=6"}],"version-history":[{"count":34,"href":"https:\/\/www.alefbat.fr\/index.php?rest_route=\/wp\/v2\/pages\/6\/revisions"}],"predecessor-version":[{"id":265,"href":"https:\/\/www.alefbat.fr\/index.php?rest_route=\/wp\/v2\/pages\/6\/revisions\/265"}],"wp:featuredmedia":[{"embeddable":true,"href":"https:\/\/www.alefbat.fr\/index.php?rest_route=\/wp\/v2\/media\/43"}],"wp:attachment":[{"href":"https:\/\/www.alefbat.fr\/index.php?rest_route=%2Fwp%2Fv2%2Fmedia&parent=6"}],"curies":[{"name":"wp","href":"https:\/\/api.w.org\/{rel}","templated":true}]}}