{"id":193,"date":"2024-09-10T10:58:49","date_gmt":"2024-09-10T08:58:49","guid":{"rendered":"https:\/\/www.alefbat.fr\/?page_id=193"},"modified":"2025-07-11T15:09:59","modified_gmt":"2025-07-11T13:09:59","slug":"rayon-dintervention","status":"publish","type":"page","link":"https:\/\/www.alefbat.fr\/?page_id=193","title":{"rendered":"Rayon d&rsquo;intervention"},"content":{"rendered":"\n<p><strong>ALEF BAT \u2013 Votre expert en r\u00e9novation<\/strong><br>Transformez votre maison ou appartement avec <strong>ALEF BAT<\/strong>, sp\u00e9cialiste en carrelage, parquet et peinture. Gr\u00e2ce \u00e0 notre savoir-faire et notre souci du d\u00e9tail, nous vous accompagnons \u00e0 chaque \u00e9tape de votre projet pour cr\u00e9er des espaces de vie qui allient confort et esth\u00e9tisme. Faites confiance \u00e0 une \u00e9quipe de professionnels engag\u00e9s pour des r\u00e9sultats durables et de qualit\u00e9.<\/p>\n\n\n\n<p><\/p>\n\n\n\n<p><strong>Faites de vos projets de r\u00e9novation une r\u00e9alit\u00e9 avec ALEF BAT<\/strong><br>Sp\u00e9cialis\u00e9e dans la r\u00e9novation d\u2019appartements et de maisons, <strong>ALEF BAT<\/strong> vous propose des services sur mesure en carrelage, parquet et peinture. Nous mettons un point d&rsquo;honneur \u00e0 vous offrir un travail soign\u00e9, des finitions impeccables et des conseils personnalis\u00e9s pour chaque \u00e9tape de votre projet. Votre satisfaction est notre priorit\u00e9, pour un int\u00e9rieur \u00e0 la hauteur de vos attentes.<\/p>\n\n\n\n<p>Nous intrevenons sur toutes ces villes du Val-De-Marne:<\/p>\n\n\n\n<p>Ablon-sur-Seine<br>Alfortville<br>Arcueil<br>Boissy-Saint-L\u00e9ger<br>Bonneuil-sur-Marne<br>Bry-sur-Marne<br>Cachan<br>Champigny-sur-Marne<br>Charenton-le-Pont<br>Chennevi\u00e8res-sur-Marne<br>Chevilly-Larue<br>Choisy-le-Roi<br>Cr\u00e9teil<br>Fontenay-sous-Bois<br>Fresnes<br>Gentilly<br>Ivry-sur-Seine<br>Joinville-le-Pont<br>L&rsquo;Ha\u00ff-les-Roses<br>La Queue-en-Brie<br>Le Kremlin-Bic\u00eatre<br>Le Perreux-sur-Marne<br>Limeil-Br\u00e9vannes<br>Maisons-Alfort<br>Mandres-les-Roses<br>Marolles-en-Brie<br>Nogent-sur-Marne<br>Orly<br>Ormesson-sur-Marne<br>P\u00e9rigny<br>Rungis<br>Saint-Mand\u00e9<br>Saint-Maur-des-Foss\u00e9s<br>Saint-Maurice<br>Santeny<br>Sucy-en-Brie<br>Thiais<br>Valenton<br>Villecresnes<br>Villejuif<br>Villeneuve-le-Roi<br>Villeneuve-Saint-Georges<br>Villiers-sur-Marne<br>Vincennes<br>Vitry-sur-Seine<\/p>\n","protected":false},"excerpt":{"rendered":"<p>ALEF BAT \u2013 Votre expert en r\u00e9novationTransformez votre maison ou appartement avec ALEF BAT, sp\u00e9cialiste en carrelage, parquet et peinture. Gr\u00e2ce \u00e0 notre savoir-faire et notre souci du d\u00e9tail, nous vous accompagnons \u00e0 chaque \u00e9tape de votre projet pour cr\u00e9er des espaces de vie qui allient confort et esth\u00e9tisme. Faites confiance \u00e0 une \u00e9quipe de [&hellip;]<\/p>\n","protected":false},"author":1,"featured_media":38,"parent":0,"menu_order":0,"comment_status":"closed","ping_status":"closed","template":"templates\/template-homepage.php","meta":{"footnotes":""},"class_list":["post-193","page","type-page","status-publish","has-post-thumbnail","hentry"],"_links":{"self":[{"href":"https:\/\/www.alefbat.fr\/index.php?rest_route=\/wp\/v2\/pages\/193","targetHints":{"allow":["GET"]}}],"collection":[{"href":"https:\/\/www.alefbat.fr\/index.php?rest_route=\/wp\/v2\/pages"}],"about":[{"href":"https:\/\/www.alefbat.fr\/index.php?rest_route=\/wp\/v2\/types\/page"}],"author":[{"embeddable":true,"href":"https:\/\/www.alefbat.fr\/index.php?rest_route=\/wp\/v2\/users\/1"}],"replies":[{"embeddable":true,"href":"https:\/\/www.alefbat.fr\/index.php?rest_route=%2Fwp%2Fv2%2Fcomments&post=193"}],"version-history":[{"count":8,"href":"https:\/\/www.alefbat.fr\/index.php?rest_route=\/wp\/v2\/pages\/193\/revisions"}],"predecessor-version":[{"id":246,"href":"https:\/\/www.alefbat.fr\/index.php?rest_route=\/wp\/v2\/pages\/193\/revisions\/246"}],"wp:featuredmedia":[{"embeddable":true,"href":"https:\/\/www.alefbat.fr\/index.php?rest_route=\/wp\/v2\/media\/38"}],"wp:attachment":[{"href":"https:\/\/www.alefbat.fr\/index.php?rest_route=%2Fwp%2Fv2%2Fmedia&parent=193"}],"curies":[{"name":"wp","href":"https:\/\/api.w.org\/{rel}","templated":true}]}}